{"id":8,"date":"2025-05-21T19:56:20","date_gmt":"2025-05-21T19:56:20","guid":{"rendered":"https:\/\/kontakt.pinkstory.com\/?page_id=8"},"modified":"2025-05-21T20:15:45","modified_gmt":"2025-05-21T20:15:45","slug":"skontaktuj-sie-z-nami","status":"publish","type":"page","link":"https:\/\/kontakt.pinkstory.com\/","title":{"rendered":"Skontaktuj si\u0119 z nami"},"content":{"rendered":"\t\t<div data-elementor-type=\"wp-page\" data-elementor-id=\"8\" class=\"elementor elementor-8\">\n\t\t\t\t<div class=\"elementor-element elementor-element-d9a54e1 e-flex e-con-boxed e-con e-parent\" data-id=\"d9a54e1\" data-element_type=\"container\" data-e-type=\"container\">\n\t\t\t\t\t<div class=\"e-con-inner\">\n\t\t\t\t<div class=\"elementor-element elementor-element-fcec65b elementor-widget elementor-widget-shortcode\" data-id=\"fcec65b\" data-element_type=\"widget\" data-e-type=\"widget\" data-widget_type=\"shortcode.default\">\n\t\t\t\t<div class=\"elementor-widget-container\">\n\t\t\t\t\t\t\t<div class=\"elementor-shortcode\">\n<div class=\"wpcf7 no-js\" id=\"wpcf7-f11-o1\" lang=\"pl-PL\" dir=\"ltr\" data-wpcf7-id=\"11\">\n<div class=\"screen-reader-response\"><p role=\"status\" aria-live=\"polite\" aria-atomic=\"true\"><\/p> <ul><\/ul><\/div>\n<form action=\"\/index.php?rest_route=%2Fwp%2Fv2%2Fpages%2F8#wpcf7-f11-o1\" method=\"post\" class=\"wpcf7-form init\" aria-label=\"Formularz kontaktowy\" novalidate=\"novalidate\" data-status=\"init\">\n<fieldset class=\"hidden-fields-container\"><input type=\"hidden\" name=\"_wpcf7\" value=\"11\" \/><input type=\"hidden\" name=\"_wpcf7_version\" value=\"6.1.5\" \/><input type=\"hidden\" name=\"_wpcf7_locale\" value=\"pl_PL\" \/><input type=\"hidden\" name=\"_wpcf7_unit_tag\" value=\"wpcf7-f11-o1\" \/><input type=\"hidden\" name=\"_wpcf7_container_post\" value=\"0\" \/><input type=\"hidden\" name=\"_wpcf7_posted_data_hash\" value=\"\" \/>\n<\/fieldset>\n<p><label class=\"label-custom\"> Imi\u0119 i nazwisko<br \/>\n<span class=\"wpcf7-form-control-wrap\" data-name=\"your-name\"><input size=\"40\" maxlength=\"400\" class=\"wpcf7-form-control wpcf7-text wpcf7-validates-as-required\" autocomplete=\"name\" aria-required=\"true\" aria-invalid=\"false\" value=\"\" type=\"text\" name=\"your-name\" \/><\/span> <\/label>\n<\/p>\n<p><label class=\"label-custom\"> E-mail<br \/>\n<span class=\"wpcf7-form-control-wrap\" data-name=\"your-email\"><input size=\"40\" maxlength=\"400\" class=\"wpcf7-form-control wpcf7-email wpcf7-validates-as-required wpcf7-text wpcf7-validates-as-email\" autocomplete=\"email\" aria-required=\"true\" aria-invalid=\"false\" value=\"\" type=\"email\" name=\"your-email\" \/><\/span> <\/label>\n<\/p>\n<p><label class=\"label-custom\"> Telefon<br \/>\n<span class=\"wpcf7-form-control-wrap\" data-name=\"your-tel\"><input size=\"40\" maxlength=\"400\" class=\"wpcf7-form-control wpcf7-tel wpcf7-validates-as-required wpcf7-text wpcf7-validates-as-tel\" aria-required=\"true\" aria-invalid=\"false\" value=\"\" type=\"tel\" name=\"your-tel\" \/><\/span> <\/label>\n<\/p>\n<p><label class=\"label-custom\"> Wojew\u00f3dztwo<br \/>\n<span class=\"wpcf7-form-control-wrap\" data-name=\"voivodeships\"><select class=\"wpcf7-form-control wpcf7-select wpcf7-validates-as-required\" aria-required=\"true\" aria-invalid=\"false\" name=\"voivodeships\"><option value=\"Dolno\u015bl\u0105skie\">Dolno\u015bl\u0105skie<\/option><option value=\"Kujawsko-Pomorskie\">Kujawsko-Pomorskie<\/option><option value=\"Lubelskie\">Lubelskie<\/option><option value=\"Lubuskie\">Lubuskie<\/option><option value=\"\u0141\u00f3dzkie\">\u0141\u00f3dzkie<\/option><option value=\"Ma\u0142opolskie\">Ma\u0142opolskie<\/option><option value=\"Mazowieckie\">Mazowieckie<\/option><option value=\"Opolskie\">Opolskie<\/option><option value=\"Podkarpackie\">Podkarpackie<\/option><option value=\"Podlaskie\">Podlaskie<\/option><option value=\"Pomorskie\">Pomorskie<\/option><option value=\"\u015al\u0105skie\">\u015al\u0105skie<\/option><option value=\"\u015awi\u0119tokrzyskie\">\u015awi\u0119tokrzyskie<\/option><option value=\"Warmi\u0144sko-Mazurskie\">Warmi\u0144sko-Mazurskie<\/option><option value=\"Wielkopolskie\">Wielkopolskie<\/option><option value=\"Zachodniopomorskie\">Zachodniopomorskie<\/option><\/select><\/span> <\/label>\n<\/p>\n<p><span class=\"wpcf7-form-control-wrap\" data-name=\"acceptance-100\"><span class=\"wpcf7-form-control wpcf7-acceptance\"><span class=\"wpcf7-list-item\"><label><input type=\"checkbox\" name=\"acceptance-100\" value=\"1\" aria-invalid=\"false\" \/><span class=\"wpcf7-list-item-label\">Wyra\u017cam zgod\u0119 na przetwarzanie moich danych osobowych wy\u0142\u0105cznie do przekazania oferty handlowej Hydrex Diagnostics Sp. z o.o.<\/span><\/label><\/span><\/span><\/span>\n<\/p>\n<p><input class=\"wpcf7-form-control wpcf7-submit has-spinner\" type=\"submit\" value=\"Wy\u015blij\" \/>\n<\/p><div class=\"wpcf7-response-output\" aria-hidden=\"true\"><\/div>\n<\/form>\n<\/div>\n<\/div>\n\t\t\t\t\t\t<\/div>\n\t\t\t\t<\/div>\n\t\t\t\t<div class=\"elementor-element elementor-element-f4fe33a elementor-widget elementor-widget-html\" data-id=\"f4fe33a\" data-element_type=\"widget\" data-e-type=\"widget\" data-widget_type=\"html.default\">\n\t\t\t\t<div class=\"elementor-widget-container\">\n\t\t\t\t\t<style>\nh1 {\n    text-align: center;\n}\nmain {\n    margin-top: 0 !important;\n}\n    .wpcf7-form .label-custom {\n        font-size: 16px;\n        display: flex;\n        flex-direction: column;\n    }\n    .wpcf7-form .label-custom br {\n        display: none;\n    }\n    .wpcf7-form input,\n    .wpcf7-form select {\n        width: 100%;\n        padding: 10px;\n        margin-top: 5px;\n    }\n    .wpcf7-form .wpcf7-list-item {\n        margin-left: 0;\n    }\n    .wpcf7-form .wpcf7-list-item > label {\n        display: grid;\n        grid-template-columns: 10px 1fr;\n        gap: 10px;\n        font-size: 12px;\n        align-items: flex-start;\n    }\n    .wpcf7-form .wpcf7-submit {\n        background: #DA4C9F;\n        color: #fff;\n        border-radius: 3px;\n        border: 0;\n    }\n<\/style>\t\t\t\t<\/div>\n\t\t\t\t<\/div>\n\t\t\t\t\t<\/div>\n\t\t\t\t<\/div>\n\t\t\t\t<\/div>\n\t\t","protected":false},"excerpt":{"rendered":"","protected":false},"author":2,"featured_media":0,"parent":0,"menu_order":0,"comment_status":"closed","ping_status":"closed","template":"","meta":{"footnotes":""},"class_list":["post-8","page","type-page","status-publish","hentry"],"yoast_head":"<!-- This site is optimized with the Yoast SEO plugin v27.4 - https:\/\/yoast.com\/product\/yoast-seo-wordpress\/ -->\n<title>Skontaktuj si\u0119 z nami - Pinktest<\/title>\n<meta name=\"robots\" content=\"index, follow, max-snippet:-1, max-image-preview:large, max-video-preview:-1\" \/>\n<link rel=\"canonical\" href=\"https:\/\/kontakt.pinkstory.com\/\" \/>\n<meta property=\"og:locale\" content=\"pl_PL\" \/>\n<meta property=\"og:type\" content=\"article\" \/>\n<meta property=\"og:title\" content=\"Skontaktuj si\u0119 z nami - Pinktest\" \/>\n<meta property=\"og:url\" content=\"https:\/\/kontakt.pinkstory.com\/\" \/>\n<meta property=\"og:site_name\" content=\"Pinktest\" \/>\n<meta property=\"article:modified_time\" content=\"2025-05-21T20:15:45+00:00\" \/>\n<meta name=\"twitter:card\" content=\"summary_large_image\" \/>\n<script type=\"application\/ld+json\" class=\"yoast-schema-graph\">{\"@context\":\"https:\\\/\\\/schema.org\",\"@graph\":[{\"@type\":\"WebPage\",\"@id\":\"https:\\\/\\\/kontakt.pinkstory.com\\\/\",\"url\":\"https:\\\/\\\/kontakt.pinkstory.com\\\/\",\"name\":\"Skontaktuj si\u0119 z nami - Pinktest\",\"isPartOf\":{\"@id\":\"https:\\\/\\\/kontakt.pinkstory.com\\\/#website\"},\"datePublished\":\"2025-05-21T19:56:20+00:00\",\"dateModified\":\"2025-05-21T20:15:45+00:00\",\"breadcrumb\":{\"@id\":\"https:\\\/\\\/kontakt.pinkstory.com\\\/#breadcrumb\"},\"inLanguage\":\"pl-PL\",\"potentialAction\":[{\"@type\":\"ReadAction\",\"target\":[\"https:\\\/\\\/kontakt.pinkstory.com\\\/\"]}]},{\"@type\":\"BreadcrumbList\",\"@id\":\"https:\\\/\\\/kontakt.pinkstory.com\\\/#breadcrumb\",\"itemListElement\":[{\"@type\":\"ListItem\",\"position\":1,\"name\":\"Strona g\u0142\u00f3wna\",\"item\":\"https:\\\/\\\/kontakt.pinkstory.com\\\/\"},{\"@type\":\"ListItem\",\"position\":2,\"name\":\"Skontaktuj si\u0119 z nami\"}]},{\"@type\":\"WebSite\",\"@id\":\"https:\\\/\\\/kontakt.pinkstory.com\\\/#website\",\"url\":\"https:\\\/\\\/kontakt.pinkstory.com\\\/\",\"name\":\"Pinktest\",\"description\":\"Kolejna witryna WordPress\",\"publisher\":{\"@id\":\"https:\\\/\\\/kontakt.pinkstory.com\\\/#organization\"},\"potentialAction\":[{\"@type\":\"SearchAction\",\"target\":{\"@type\":\"EntryPoint\",\"urlTemplate\":\"https:\\\/\\\/kontakt.pinkstory.com\\\/?s={search_term_string}\"},\"query-input\":{\"@type\":\"PropertyValueSpecification\",\"valueRequired\":true,\"valueName\":\"search_term_string\"}}],\"inLanguage\":\"pl-PL\"},{\"@type\":\"Organization\",\"@id\":\"https:\\\/\\\/kontakt.pinkstory.com\\\/#organization\",\"name\":\"Pinktest\",\"url\":\"https:\\\/\\\/kontakt.pinkstory.com\\\/\",\"logo\":{\"@type\":\"ImageObject\",\"inLanguage\":\"pl-PL\",\"@id\":\"https:\\\/\\\/kontakt.pinkstory.com\\\/#\\\/schema\\\/logo\\\/image\\\/\",\"url\":\"https:\\\/\\\/kontakt.pinkstory.com\\\/wp-content\\\/uploads\\\/2025\\\/05\\\/logo.png\",\"contentUrl\":\"https:\\\/\\\/kontakt.pinkstory.com\\\/wp-content\\\/uploads\\\/2025\\\/05\\\/logo.png\",\"width\":204,\"height\":100,\"caption\":\"Pinktest\"},\"image\":{\"@id\":\"https:\\\/\\\/kontakt.pinkstory.com\\\/#\\\/schema\\\/logo\\\/image\\\/\"}}]}<\/script>\n<!-- \/ Yoast SEO plugin. -->","yoast_head_json":{"title":"Skontaktuj si\u0119 z nami - Pinktest","robots":{"index":"index","follow":"follow","max-snippet":"max-snippet:-1","max-image-preview":"max-image-preview:large","max-video-preview":"max-video-preview:-1"},"canonical":"https:\/\/kontakt.pinkstory.com\/","og_locale":"pl_PL","og_type":"article","og_title":"Skontaktuj si\u0119 z nami - Pinktest","og_url":"https:\/\/kontakt.pinkstory.com\/","og_site_name":"Pinktest","article_modified_time":"2025-05-21T20:15:45+00:00","twitter_card":"summary_large_image","schema":{"@context":"https:\/\/schema.org","@graph":[{"@type":"WebPage","@id":"https:\/\/kontakt.pinkstory.com\/","url":"https:\/\/kontakt.pinkstory.com\/","name":"Skontaktuj si\u0119 z nami - Pinktest","isPartOf":{"@id":"https:\/\/kontakt.pinkstory.com\/#website"},"datePublished":"2025-05-21T19:56:20+00:00","dateModified":"2025-05-21T20:15:45+00:00","breadcrumb":{"@id":"https:\/\/kontakt.pinkstory.com\/#breadcrumb"},"inLanguage":"pl-PL","potentialAction":[{"@type":"ReadAction","target":["https:\/\/kontakt.pinkstory.com\/"]}]},{"@type":"BreadcrumbList","@id":"https:\/\/kontakt.pinkstory.com\/#breadcrumb","itemListElement":[{"@type":"ListItem","position":1,"name":"Strona g\u0142\u00f3wna","item":"https:\/\/kontakt.pinkstory.com\/"},{"@type":"ListItem","position":2,"name":"Skontaktuj si\u0119 z nami"}]},{"@type":"WebSite","@id":"https:\/\/kontakt.pinkstory.com\/#website","url":"https:\/\/kontakt.pinkstory.com\/","name":"Pinktest","description":"Kolejna witryna WordPress","publisher":{"@id":"https:\/\/kontakt.pinkstory.com\/#organization"},"potentialAction":[{"@type":"SearchAction","target":{"@type":"EntryPoint","urlTemplate":"https:\/\/kontakt.pinkstory.com\/?s={search_term_string}"},"query-input":{"@type":"PropertyValueSpecification","valueRequired":true,"valueName":"search_term_string"}}],"inLanguage":"pl-PL"},{"@type":"Organization","@id":"https:\/\/kontakt.pinkstory.com\/#organization","name":"Pinktest","url":"https:\/\/kontakt.pinkstory.com\/","logo":{"@type":"ImageObject","inLanguage":"pl-PL","@id":"https:\/\/kontakt.pinkstory.com\/#\/schema\/logo\/image\/","url":"https:\/\/kontakt.pinkstory.com\/wp-content\/uploads\/2025\/05\/logo.png","contentUrl":"https:\/\/kontakt.pinkstory.com\/wp-content\/uploads\/2025\/05\/logo.png","width":204,"height":100,"caption":"Pinktest"},"image":{"@id":"https:\/\/kontakt.pinkstory.com\/#\/schema\/logo\/image\/"}}]}},"_links":{"self":[{"href":"https:\/\/kontakt.pinkstory.com\/index.php?rest_route=\/wp\/v2\/pages\/8","targetHints":{"allow":["GET"]}}],"collection":[{"href":"https:\/\/kontakt.pinkstory.com\/index.php?rest_route=\/wp\/v2\/pages"}],"about":[{"href":"https:\/\/kontakt.pinkstory.com\/index.php?rest_route=\/wp\/v2\/types\/page"}],"author":[{"embeddable":true,"href":"https:\/\/kontakt.pinkstory.com\/index.php?rest_route=\/wp\/v2\/users\/2"}],"replies":[{"embeddable":true,"href":"https:\/\/kontakt.pinkstory.com\/index.php?rest_route=%2Fwp%2Fv2%2Fcomments&post=8"}],"version-history":[{"count":4,"href":"https:\/\/kontakt.pinkstory.com\/index.php?rest_route=\/wp\/v2\/pages\/8\/revisions"}],"predecessor-version":[{"id":19,"href":"https:\/\/kontakt.pinkstory.com\/index.php?rest_route=\/wp\/v2\/pages\/8\/revisions\/19"}],"wp:attachment":[{"href":"https:\/\/kontakt.pinkstory.com\/index.php?rest_route=%2Fwp%2Fv2%2Fmedia&parent=8"}],"curies":[{"name":"wp","href":"https:\/\/api.w.org\/{rel}","templated":true}]}}